{"id":993,"date":"2020-02-13T13:06:31","date_gmt":"2020-02-13T13:06:31","guid":{"rendered":"https:\/\/the7.io\/elementor-business\/?page_id=993"},"modified":"2024-04-29T10:09:18","modified_gmt":"2024-04-29T08:09:18","slug":"oferta","status":"publish","type":"page","link":"https:\/\/rapidus.com.pl\/index.php\/oferta\/","title":{"rendered":"Oferta"},"content":{"rendered":"\t\t<div data-elementor-type=\"wp-page\" data-elementor-id=\"993\" class=\"elementor elementor-993\" data-elementor-post-type=\"page\">\n\t\t\t\t\t\t<section class=\"elementor-section elementor-top-section elementor-element elementor-element-e215091 elementor-section-boxed elementor-section-height-default elementor-section-height-default\" data-id=\"e215091\" data-element_type=\"section\">\n\t\t\t\t\t\t<div class=\"elementor-container elementor-column-gap-wider\">\n\t\t\t\t\t<div class=\"elementor-column elementor-col-100 elementor-top-column elementor-element elementor-element-b2ce682\" data-id=\"b2ce682\" data-element_type=\"column\">\n\t\t\t<div class=\"elementor-widget-wrap elementor-element-populated\">\n\t\t\t\t\t\t<div class=\"elementor-element elementor-element-2659b8e img-align-tablet-top image-vertical-align-center slide-h-position-tablet-center icon-box-vertical-align-top img-align-left preserve-img-ratio-cover slide-h-position-left elementor-widget elementor-widget-the7-elements-simple-posts\" data-id=\"2659b8e\" data-element_type=\"widget\" data-widget_type=\"the7-elements-simple-posts.default\">\n\t\t\t\t<div class=\"elementor-widget-container\">\n\t\t\t<div class=\"the7-simple-widget-posts the7-elementor-widget the7-elements-simple-posts-2659b8e jquery-filter jquery-filter\" data-post-limit=\"-1\" data-pagination-mode=\"none\" data-scroll-offset=\"\">\t\t\t<div class=\"dt-css-grid custom-pagination-handler\" data-columns=\"{&quot;d&quot;:2,&quot;t&quot;:2,&quot;p&quot;:1,&quot;wd&quot;:&quot;&quot;}\">\n\t\t\t\t\t\t\t\t\t<div class=\"wf-cell visible \">\n\t\t\t\t\t\t<article class=\"post visible wrapper post-2917 our_services type-our_services status-publish has-post-thumbnail hentry\">\n\n\t\t\t\t\t\t\t<div class=\"post-content-wrapper\">\n\t\t\t\t\t\t\t\t\t\t\t\t\t\t\t\t\t<div class=\"the7-simple-post-thumb\">\n\t\t\t\t\t\t\t\t\t\t<a class=\"post-thumbnail-rollover layzr-bg img-css-resize-wrapper\" aria-label=\"Post image\" href=\"https:\/\/rapidus.com.pl\/index.php\/our_services\/service04\/\"><img fetchpriority=\"high\" decoding=\"async\" width=\"1500\" height=\"1000\" src=\"data:image\/svg+xml,%3Csvg%20xmlns%3D&#039;http%3A%2F%2Fwww.w3.org%2F2000%2Fsvg&#039;%20viewBox%3D&#039;0%200%201500%201000&#039;%2F%3E\" class=\"attachment-full size-full preload-me aspect lazy lazy-load\" alt=\"Intralogistyka\" sizes=\"(max-width: 1500px) 100vw, 1500px\" style=\"--ratio: 1500 \/ 1000;\" data-src=\"https:\/\/rapidus.com.pl\/wp-content\/uploads\/2021\/09\/Projekt-bez-nazwy3.png\" loading=\"eager\" data-srcset=\"https:\/\/rapidus.com.pl\/wp-content\/uploads\/2021\/09\/Projekt-bez-nazwy3.png 1500w, https:\/\/rapidus.com.pl\/wp-content\/uploads\/2021\/09\/Projekt-bez-nazwy3-300x200.png 300w, https:\/\/rapidus.com.pl\/wp-content\/uploads\/2021\/09\/Projekt-bez-nazwy3-1024x683.png 1024w, https:\/\/rapidus.com.pl\/wp-content\/uploads\/2021\/09\/Projekt-bez-nazwy3-768x512.png 768w\" \/><span class=\"the7-hover-icon\"><\/span><\/a>\t\t\t\t\t\t\t\t\t<\/div>\n\t\t\t\t\t\t\t\t\t\t\t\t\t\t\t\t<div class=\"post-entry-content\">\n\t\t\t\t\t\t\t\t\t<h4 class=\"heading\"><a href=\"https:\/\/rapidus.com.pl\/index.php\/our_services\/service04\/\" rel=\"bookmark\" title=\"Intralogistyka\" class=\"post-title\">Intralogistyka<\/a><\/h4><p class=\"short-description\">Zoptymalizowany przep\u0142yw materia\u0142\u00f3w i informacji w Twojej firmie, zwi\u0119kszaj\u0105cy efektywno\u015b\u0107.<\/p><a href=\"https:\/\/rapidus.com.pl\/index.php\/our_services\/service04\/\" target=\"\" aria-label=\"Czytaj wi\u0119cej o Intralogistyka\" class=\"box-button elementor-button elementor-size-sm\">Dowiedz si\u0119 wi\u0119cej...<\/a>\t\t\t\t\t\t\t\t<\/div>\n\t\t\t\t\t\t\t<\/div>\n\t\t\t\t\t\t<\/article>\n\t\t\t\t\t<\/div>\t\t\t\t\t\t\t\t\t\t<div class=\"wf-cell visible \">\n\t\t\t\t\t\t<article class=\"post visible wrapper post-2908 our_services type-our_services status-publish has-post-thumbnail hentry\">\n\n\t\t\t\t\t\t\t<div class=\"post-content-wrapper\">\n\t\t\t\t\t\t\t\t\t\t\t\t\t\t\t\t\t<div class=\"the7-simple-post-thumb\">\n\t\t\t\t\t\t\t\t\t\t<a class=\"post-thumbnail-rollover layzr-bg img-css-resize-wrapper\" aria-label=\"Post image\" href=\"https:\/\/rapidus.com.pl\/index.php\/our_services\/service03\/\"><img decoding=\"async\" width=\"1500\" height=\"1000\" src=\"data:image\/svg+xml,%3Csvg%20xmlns%3D&#039;http%3A%2F%2Fwww.w3.org%2F2000%2Fsvg&#039;%20viewBox%3D&#039;0%200%201500%201000&#039;%2F%3E\" class=\"attachment-full size-full preload-me aspect lazy lazy-load\" alt=\"Obs\u0142uga proces\u00f3w produkcji\" sizes=\"(max-width: 1500px) 100vw, 1500px\" style=\"--ratio: 1500 \/ 1000;\" data-src=\"https:\/\/rapidus.com.pl\/wp-content\/uploads\/2021\/09\/Projekt-bez-nazwy4.png\" loading=\"eager\" data-srcset=\"https:\/\/rapidus.com.pl\/wp-content\/uploads\/2021\/09\/Projekt-bez-nazwy4.png 1500w, https:\/\/rapidus.com.pl\/wp-content\/uploads\/2021\/09\/Projekt-bez-nazwy4-300x200.png 300w, https:\/\/rapidus.com.pl\/wp-content\/uploads\/2021\/09\/Projekt-bez-nazwy4-1024x683.png 1024w, https:\/\/rapidus.com.pl\/wp-content\/uploads\/2021\/09\/Projekt-bez-nazwy4-768x512.png 768w\" \/><span class=\"the7-hover-icon\"><\/span><\/a>\t\t\t\t\t\t\t\t\t<\/div>\n\t\t\t\t\t\t\t\t\t\t\t\t\t\t\t\t<div class=\"post-entry-content\">\n\t\t\t\t\t\t\t\t\t<h4 class=\"heading\"><a href=\"https:\/\/rapidus.com.pl\/index.php\/our_services\/service03\/\" rel=\"bookmark\" title=\"Obs\u0142uga proces\u00f3w produkcji\" class=\"post-title\">Obs\u0142uga proces\u00f3w produkcji<\/a><\/h4><p class=\"short-description\">Maksymalizacja wydajno\u015bci i jako\u015bci, przy minimalizacji koszt\u00f3w i czasu.<\/p><a href=\"https:\/\/rapidus.com.pl\/index.php\/our_services\/service03\/\" target=\"\" aria-label=\"Czytaj wi\u0119cej o Obs\u0142uga proces\u00f3w produkcji\" class=\"box-button elementor-button elementor-size-sm\">Dowiedz si\u0119 wi\u0119cej...<\/a>\t\t\t\t\t\t\t\t<\/div>\n\t\t\t\t\t\t\t<\/div>\n\t\t\t\t\t\t<\/article>\n\t\t\t\t\t<\/div>\t\t\t\t\t\t\t\t\t\t<div class=\"wf-cell visible \">\n\t\t\t\t\t\t<article class=\"post visible wrapper post-2883 our_services type-our_services status-publish has-post-thumbnail hentry\">\n\n\t\t\t\t\t\t\t<div class=\"post-content-wrapper\">\n\t\t\t\t\t\t\t\t\t\t\t\t\t\t\t\t\t<div class=\"the7-simple-post-thumb\">\n\t\t\t\t\t\t\t\t\t\t<a class=\"post-thumbnail-rollover layzr-bg img-css-resize-wrapper\" aria-label=\"Post image\" href=\"https:\/\/rapidus.com.pl\/index.php\/our_services\/service01\/\"><img decoding=\"async\" width=\"1500\" height=\"1000\" src=\"data:image\/svg+xml,%3Csvg%20xmlns%3D&#039;http%3A%2F%2Fwww.w3.org%2F2000%2Fsvg&#039;%20viewBox%3D&#039;0%200%201500%201000&#039;%2F%3E\" class=\"attachment-full size-full preload-me aspect lazy lazy-load\" alt=\"\" sizes=\"(max-width: 1500px) 100vw, 1500px\" style=\"--ratio: 1500 \/ 1000;\" data-src=\"https:\/\/rapidus.com.pl\/wp-content\/uploads\/2024\/04\/rapidus-strona-1500x1006-1.png\" loading=\"eager\" data-srcset=\"https:\/\/rapidus.com.pl\/wp-content\/uploads\/2024\/04\/rapidus-strona-1500x1006-1.png 1500w, https:\/\/rapidus.com.pl\/wp-content\/uploads\/2024\/04\/rapidus-strona-1500x1006-1-300x200.png 300w, https:\/\/rapidus.com.pl\/wp-content\/uploads\/2024\/04\/rapidus-strona-1500x1006-1-1024x683.png 1024w, https:\/\/rapidus.com.pl\/wp-content\/uploads\/2024\/04\/rapidus-strona-1500x1006-1-768x512.png 768w\" \/><span class=\"the7-hover-icon\"><\/span><\/a>\t\t\t\t\t\t\t\t\t<\/div>\n\t\t\t\t\t\t\t\t\t\t\t\t\t\t\t\t<div class=\"post-entry-content\">\n\t\t\t\t\t\t\t\t\t<h4 class=\"heading\"><a href=\"https:\/\/rapidus.com.pl\/index.php\/our_services\/service01\/\" rel=\"bookmark\" title=\"Us\u0142ugi poligraficzne\" class=\"post-title\">Us\u0142ugi poligraficzne<\/a><\/h4><p class=\"short-description\">Wysokiej jako\u015bci druk, precyzja i kreatywno\u015b\u0107, kt\u00f3re wyr\u00f3\u017cni\u0105 Twoje projekty na rynku.<\/p><a href=\"https:\/\/rapidus.com.pl\/index.php\/our_services\/service01\/\" target=\"\" aria-label=\"Czytaj wi\u0119cej o Us\u0142ugi poligraficzne\" class=\"box-button elementor-button elementor-size-sm\">Dowiedz si\u0119 wi\u0119cej...<\/a>\t\t\t\t\t\t\t\t<\/div>\n\t\t\t\t\t\t\t<\/div>\n\t\t\t\t\t\t<\/article>\n\t\t\t\t\t<\/div>\t\t\t\t\t\t\t\t\t\t<div class=\"wf-cell visible \">\n\t\t\t\t\t\t<article class=\"post visible wrapper post-2899 our_services type-our_services status-publish has-post-thumbnail hentry\">\n\n\t\t\t\t\t\t\t<div class=\"post-content-wrapper\">\n\t\t\t\t\t\t\t\t\t\t\t\t\t\t\t\t\t<div class=\"the7-simple-post-thumb\">\n\t\t\t\t\t\t\t\t\t\t<a class=\"post-thumbnail-rollover layzr-bg img-css-resize-wrapper\" aria-label=\"Post image\" href=\"https:\/\/rapidus.com.pl\/index.php\/our_services\/service02\/\"><img decoding=\"async\" width=\"1080\" height=\"1080\" src=\"data:image\/svg+xml,%3Csvg%20xmlns%3D&#039;http%3A%2F%2Fwww.w3.org%2F2000%2Fsvg&#039;%20viewBox%3D&#039;0%200%201080%201080&#039;%2F%3E\" class=\"attachment-full size-full preload-me aspect lazy lazy-load\" alt=\"\" sizes=\"(max-width: 1080px) 100vw, 1080px\" style=\"--ratio: 1080 \/ 1080;\" data-src=\"https:\/\/rapidus.com.pl\/wp-content\/uploads\/2024\/04\/3.png\" loading=\"eager\" data-srcset=\"https:\/\/rapidus.com.pl\/wp-content\/uploads\/2024\/04\/3.png 1080w, https:\/\/rapidus.com.pl\/wp-content\/uploads\/2024\/04\/3-300x300.png 300w, https:\/\/rapidus.com.pl\/wp-content\/uploads\/2024\/04\/3-1024x1024.png 1024w, https:\/\/rapidus.com.pl\/wp-content\/uploads\/2024\/04\/3-150x150.png 150w, https:\/\/rapidus.com.pl\/wp-content\/uploads\/2024\/04\/3-768x768.png 768w\" \/><span class=\"the7-hover-icon\"><\/span><\/a>\t\t\t\t\t\t\t\t\t<\/div>\n\t\t\t\t\t\t\t\t\t\t\t\t\t\t\t\t<div class=\"post-entry-content\">\n\t\t\t\t\t\t\t\t\t<h4 class=\"heading\"><a href=\"https:\/\/rapidus.com.pl\/index.php\/our_services\/service02\/\" rel=\"bookmark\" title=\"Us\u0142ugi introligatorskie\" class=\"post-title\">Us\u0142ugi introligatorskie<\/a><\/h4><p class=\"short-description\">Profesjonalne oprawy i wyko\u0144czenia, gwarantuj\u0105ce trwa\u0142o\u015b\u0107.<\/p><a href=\"https:\/\/rapidus.com.pl\/index.php\/our_services\/service02\/\" target=\"\" aria-label=\"Czytaj wi\u0119cej o Us\u0142ugi introligatorskie\" class=\"box-button elementor-button elementor-size-sm\">Dowiedz si\u0119 wi\u0119cej...<\/a>\t\t\t\t\t\t\t\t<\/div>\n\t\t\t\t\t\t\t<\/div>\n\t\t\t\t\t\t<\/article>\n\t\t\t\t\t<\/div>\t\t\t\t\t\t\t\t\t\t<div class=\"wf-cell visible \">\n\t\t\t\t\t\t<article class=\"post visible wrapper post-5762 our_services type-our_services status-publish has-post-thumbnail hentry\">\n\n\t\t\t\t\t\t\t<div class=\"post-content-wrapper\">\n\t\t\t\t\t\t\t\t\t\t\t\t\t\t\t\t\t<div class=\"the7-simple-post-thumb\">\n\t\t\t\t\t\t\t\t\t\t<a class=\"post-thumbnail-rollover layzr-bg img-css-resize-wrapper\" aria-label=\"Post image\" href=\"https:\/\/rapidus.com.pl\/index.php\/our_services\/doradztwo-i-zarzadzanie\/\"><img decoding=\"async\" width=\"1500\" height=\"1000\" src=\"data:image\/svg+xml,%3Csvg%20xmlns%3D&#039;http%3A%2F%2Fwww.w3.org%2F2000%2Fsvg&#039;%20viewBox%3D&#039;0%200%201500%201000&#039;%2F%3E\" class=\"attachment-full size-full preload-me aspect lazy lazy-load\" alt=\"Doradztwo i zarz\u0105dzanie\" sizes=\"(max-width: 1500px) 100vw, 1500px\" style=\"--ratio: 1500 \/ 1000;\" data-src=\"https:\/\/rapidus.com.pl\/wp-content\/uploads\/2024\/03\/Projekt-bez-nazwy8.png\" loading=\"eager\" data-srcset=\"https:\/\/rapidus.com.pl\/wp-content\/uploads\/2024\/03\/Projekt-bez-nazwy8.png 1500w, https:\/\/rapidus.com.pl\/wp-content\/uploads\/2024\/03\/Projekt-bez-nazwy8-300x200.png 300w, https:\/\/rapidus.com.pl\/wp-content\/uploads\/2024\/03\/Projekt-bez-nazwy8-1024x683.png 1024w, https:\/\/rapidus.com.pl\/wp-content\/uploads\/2024\/03\/Projekt-bez-nazwy8-768x512.png 768w\" \/><span class=\"the7-hover-icon\"><\/span><\/a>\t\t\t\t\t\t\t\t\t<\/div>\n\t\t\t\t\t\t\t\t\t\t\t\t\t\t\t\t<div class=\"post-entry-content\">\n\t\t\t\t\t\t\t\t\t<h4 class=\"heading\"><a href=\"https:\/\/rapidus.com.pl\/index.php\/our_services\/doradztwo-i-zarzadzanie\/\" rel=\"bookmark\" title=\"Doradztwo i zarz\u0105dzanie\" class=\"post-title\">Doradztwo i zarz\u0105dzanie<\/a><\/h4><p class=\"short-description\">Eksperckie wsparcie w podejmowaniu decyzji i optymalizacji proces\u00f3w biznesowych.<\/p><a href=\"https:\/\/rapidus.com.pl\/index.php\/our_services\/doradztwo-i-zarzadzanie\/\" target=\"\" aria-label=\"Czytaj wi\u0119cej o Doradztwo i zarz\u0105dzanie\" class=\"box-button elementor-button elementor-size-sm\">Dowiedz si\u0119 wi\u0119cej...<\/a>\t\t\t\t\t\t\t\t<\/div>\n\t\t\t\t\t\t\t<\/div>\n\t\t\t\t\t\t<\/article>\n\t\t\t\t\t<\/div>\t\t\t\t\t\t\t\t\t\t<div class=\"wf-cell visible \">\n\t\t\t\t\t\t<article class=\"post visible wrapper post-6041 our_services type-our_services status-publish has-post-thumbnail hentry\">\n\n\t\t\t\t\t\t\t<div class=\"post-content-wrapper\">\n\t\t\t\t\t\t\t\t\t\t\t\t\t\t\t\t\t<div class=\"the7-simple-post-thumb\">\n\t\t\t\t\t\t\t\t\t\t<a class=\"post-thumbnail-rollover layzr-bg img-css-resize-wrapper\" aria-label=\"Post image\" href=\"https:\/\/rapidus.com.pl\/index.php\/our_services\/pukiel-wlosow\/\"><img decoding=\"async\" width=\"1500\" height=\"1000\" src=\"data:image\/svg+xml,%3Csvg%20xmlns%3D&#039;http%3A%2F%2Fwww.w3.org%2F2000%2Fsvg&#039;%20viewBox%3D&#039;0%200%201500%201000&#039;%2F%3E\" class=\"attachment-full size-full preload-me aspect lazy lazy-load\" alt=\"pukiel wlosow\" sizes=\"(max-width: 1500px) 100vw, 1500px\" style=\"--ratio: 1500 \/ 1000;\" data-src=\"https:\/\/rapidus.com.pl\/wp-content\/uploads\/2024\/04\/rapidus-strona-1500x1003-1.png\" loading=\"eager\" data-srcset=\"https:\/\/rapidus.com.pl\/wp-content\/uploads\/2024\/04\/rapidus-strona-1500x1003-1.png 1500w, https:\/\/rapidus.com.pl\/wp-content\/uploads\/2024\/04\/rapidus-strona-1500x1003-1-300x200.png 300w, https:\/\/rapidus.com.pl\/wp-content\/uploads\/2024\/04\/rapidus-strona-1500x1003-1-1024x683.png 1024w, https:\/\/rapidus.com.pl\/wp-content\/uploads\/2024\/04\/rapidus-strona-1500x1003-1-768x512.png 768w\" \/><span class=\"the7-hover-icon\"><\/span><\/a>\t\t\t\t\t\t\t\t\t<\/div>\n\t\t\t\t\t\t\t\t\t\t\t\t\t\t\t\t<div class=\"post-entry-content\">\n\t\t\t\t\t\t\t\t\t<h4 class=\"heading\"><a href=\"https:\/\/rapidus.com.pl\/index.php\/our_services\/pukiel-wlosow\/\" rel=\"bookmark\" title=\"Pukiel W\u0142os\u00f3w\" class=\"post-title\">Pukiel W\u0142os\u00f3w<\/a><\/h4><p class=\"short-description\">Sklep z akcesoriami do w\u0142os\u00f3w produkowanymi w Polsce. Konsultacje i plany piel\u0119gnacji w\u0142os\u00f3w.<\/p><a href=\"https:\/\/rapidus.com.pl\/index.php\/our_services\/pukiel-wlosow\/\" target=\"\" aria-label=\"Czytaj wi\u0119cej o Pukiel W\u0142os\u00f3w\" class=\"box-button elementor-button elementor-size-sm\">Dowiedz si\u0119 wi\u0119cej...<\/a>\t\t\t\t\t\t\t\t<\/div>\n\t\t\t\t\t\t\t<\/div>\n\t\t\t\t\t\t<\/article>\n\t\t\t\t\t<\/div>\t\t\t\t\t\t\t\t<\/div>\n\t\t<\/div>\t\t<\/div>\n\t\t\t\t<\/div>\n\t\t\t\t\t<\/div>\n\t\t<\/div>\n\t\t\t\t\t<\/div>\n\t\t<\/section>\n\t\t\t\t<section class=\"elementor-section elementor-top-section elementor-element elementor-element-67be9717 elementor-section-stretched elementor-section-full_width elementor-section-height-default elementor-section-height-default\" data-id=\"67be9717\" data-element_type=\"section\" data-settings=\"{&quot;stretch_section&quot;:&quot;section-stretched&quot;,&quot;background_background&quot;:&quot;classic&quot;}\">\n\t\t\t\t\t\t<div class=\"elementor-container elementor-column-gap-wider\">\n\t\t\t\t\t<div class=\"elementor-column elementor-col-50 elementor-top-column elementor-element elementor-element-511e8e52\" data-id=\"511e8e52\" data-element_type=\"column\" data-settings=\"{&quot;background_background&quot;:&quot;classic&quot;}\">\n\t\t\t<div class=\"elementor-widget-wrap elementor-element-populated\">\n\t\t\t\t\t\t<section class=\"elementor-section elementor-inner-section elementor-element elementor-element-54fbbc36 elementor-section-boxed elementor-section-height-default elementor-section-height-default\" data-id=\"54fbbc36\" data-element_type=\"section\">\n\t\t\t\t\t\t<div class=\"elementor-container elementor-column-gap-wider\">\n\t\t\t\t\t<div class=\"elementor-column elementor-col-100 elementor-inner-column elementor-element elementor-element-3d515b76\" data-id=\"3d515b76\" data-element_type=\"column\">\n\t\t\t<div class=\"elementor-widget-wrap elementor-element-populated\">\n\t\t\t\t\t\t<div class=\"elementor-element elementor-element-1fe012f8 elementor-widget elementor-widget-heading\" data-id=\"1fe012f8\" data-element_type=\"widget\" data-widget_type=\"heading.default\">\n\t\t\t\t<div class=\"elementor-widget-container\">\n\t\t\t<h3 class=\"elementor-heading-title elementor-size-default\">Masz pytania? <\/br>\nskontaktuj si\u0119 z nami!<\/h3>\t\t<\/div>\n\t\t\t\t<\/div>\n\t\t\t\t<div class=\"elementor-element elementor-element-2ba15076 elementor-widget elementor-widget-spacer\" data-id=\"2ba15076\" data-element_type=\"widget\" data-widget_type=\"spacer.default\">\n\t\t\t\t<div class=\"elementor-widget-container\">\n\t\t\t\t\t<div class=\"elementor-spacer\">\n\t\t\t<div class=\"elementor-spacer-inner\"><\/div>\n\t\t<\/div>\n\t\t\t\t<\/div>\n\t\t\t\t<\/div>\n\t\t\t\t<div class=\"elementor-element elementor-element-7ba9dcdf content-align-mobile-center icon-position-mobile-top icon-vertical-align-mobile-center icon-vertical-align-center elementor-widget__width-auto content-align-left icon-box-vertical-align-top icon-position-left elementor-widget elementor-widget-the7_icon_box_widget\" data-id=\"7ba9dcdf\" data-element_type=\"widget\" data-widget_type=\"the7_icon_box_widget.default\">\n\t\t\t\t<div class=\"elementor-widget-container\">\n\t\t\t\n\t\t<div class=\"the7-box-wrapper the7-elementor-widget the7_icon_box_widget-7ba9dcdf\">\t\t\t<div class=\"box-content-wrapper\">\n\t\t\t\t\t\t\t\t\t<a class=\"elementor-icon-div\" >\t\t\t\t\t\t<div class=\"elementor-icon\">\n\t\t\t\t\t\t\t<svg aria-hidden=\"true\" class=\"e-font-icon-svg e-fas-phone-alt\" viewBox=\"0 0 512 512\" xmlns=\"http:\/\/www.w3.org\/2000\/svg\"><path d=\"M497.39 361.8l-112-48a24 24 0 0 0-28 6.9l-49.6 60.6A370.66 370.66 0 0 1 130.6 204.11l60.6-49.6a23.94 23.94 0 0 0 6.9-28l-48-112A24.16 24.16 0 0 0 122.6.61l-104 24A24 24 0 0 0 0 48c0 256.5 207.9 464 464 464a24 24 0 0 0 23.4-18.6l24-104a24.29 24.29 0 0 0-14.01-27.6z\"><\/path><\/svg>\t\t\t\t\t\t<\/div>\n\t\t\t\t\t<\/a>\t\t\t\t\t\t\t\t<div class=\"box-content\">\n\t\t\t\t\t\t\t\t\t\t\t\t\t\t\t\t\t<h4 class=\"box-heading\">\n\t\t\t\t\t\t\t<a >\t\t\t\t\t\t\t\t22 345 66 01\t\t\t\t\t\t\t<\/a>\t\t\t\t\t\t<\/h4>\n\t\t\t\t\t\t\t\t\t\t\n\t\t\t\t\t\n\t\t\t\t<\/div>\n\t\t\t<\/div>\n\t\t<\/div>\t\t\t<\/div>\n\t\t\t\t<\/div>\n\t\t\t\t<div class=\"elementor-element elementor-element-228b213c elementor-widget elementor-widget-spacer\" data-id=\"228b213c\" data-element_type=\"widget\" data-widget_type=\"spacer.default\">\n\t\t\t\t<div class=\"elementor-widget-container\">\n\t\t\t\t\t<div class=\"elementor-spacer\">\n\t\t\t<div class=\"elementor-spacer-inner\"><\/div>\n\t\t<\/div>\n\t\t\t\t<\/div>\n\t\t\t\t<\/div>\n\t\t\t\t<div class=\"elementor-element elementor-element-a9991f3 elementor-widget__width-auto elementor-mobile-align-justify elementor-widget-mobile__width-inherit elementor-widget elementor-widget-the7_button_widget\" data-id=\"a9991f3\" data-element_type=\"widget\" data-widget_type=\"the7_button_widget.default\">\n\t\t\t\t<div class=\"elementor-widget-container\">\n\t\t\t<div class=\"elementor-button-wrapper\"><a href=\"https:\/\/rapidus.com.pl\/index.php\/kontakt\/\" class=\"box-button elementor-button elementor-size-lg\">Inne formy kontaktu<svg aria-hidden=\"true\" class=\"elementor-button-icon e-font-icon-svg e-fas-comment-dollar\" viewBox=\"0 0 512 512\" xmlns=\"http:\/\/www.w3.org\/2000\/svg\"><path d=\"M256 32C114.62 32 0 125.12 0 240c0 49.56 21.41 95.01 57.02 130.74C44.46 421.05 2.7 465.97 2.2 466.5A7.995 7.995 0 0 0 8 480c66.26 0 115.99-31.75 140.6-51.38C181.29 440.93 217.59 448 256 448c141.38 0 256-93.12 256-208S397.38 32 256 32zm24 302.44V352c0 8.84-7.16 16-16 16h-16c-8.84 0-16-7.16-16-16v-17.73c-11.42-1.35-22.28-5.19-31.78-11.46-6.22-4.11-6.82-13.11-1.55-18.38l17.52-17.52c3.74-3.74 9.31-4.24 14.11-2.03 3.18 1.46 6.66 2.22 10.26 2.22h32.78c4.66 0 8.44-3.78 8.44-8.42 0-3.75-2.52-7.08-6.12-8.11l-50.07-14.3c-22.25-6.35-40.01-24.71-42.91-47.67-4.05-32.07 19.03-59.43 49.32-63.05V128c0-8.84 7.16-16 16-16h16c8.84 0 16 7.16 16 16v17.73c11.42 1.35 22.28 5.19 31.78 11.46 6.22 4.11 6.82 13.11 1.55 18.38l-17.52 17.52c-3.74 3.74-9.31 4.24-14.11 2.03a24.516 24.516 0 0 0-10.26-2.22h-32.78c-4.66 0-8.44 3.78-8.44 8.42 0 3.75 2.52 7.08 6.12 8.11l50.07 14.3c22.25 6.36 40.01 24.71 42.91 47.67 4.05 32.06-19.03 59.42-49.32 63.04z\"><\/path><\/svg><\/a><\/div>\t\t<\/div>\n\t\t\t\t<\/div>\n\t\t\t\t\t<\/div>\n\t\t<\/div>\n\t\t\t\t\t<\/div>\n\t\t<\/section>\n\t\t\t\t\t<\/div>\n\t\t<\/div>\n\t\t\t\t<div class=\"elementor-column elementor-col-50 elementor-top-column elementor-element elementor-element-515e485b elementor-hidden-tablet elementor-hidden-mobile\" data-id=\"515e485b\" data-element_type=\"column\" data-settings=\"{&quot;background_background&quot;:&quot;classic&quot;}\">\n\t\t\t<div class=\"elementor-widget-wrap elementor-element-populated\">\n\t\t\t\t\t<div class=\"elementor-background-overlay\"><\/div>\n\t\t\t\t\t\t<div class=\"elementor-element elementor-element-32cae672 elementor-widget elementor-widget-spacer\" data-id=\"32cae672\" data-element_type=\"widget\" data-widget_type=\"spacer.default\">\n\t\t\t\t<div class=\"elementor-widget-container\">\n\t\t\t\t\t<div class=\"elementor-spacer\">\n\t\t\t<div class=\"elementor-spacer-inner\"><\/div>\n\t\t<\/div>\n\t\t\t\t<\/div>\n\t\t\t\t<\/div>\n\t\t\t\t\t<\/div>\n\t\t<\/div>\n\t\t\t\t\t<\/div>\n\t\t<\/section>\n\t\t\t\t<\/div>\n\t\t","protected":false},"excerpt":{"rendered":"<p>Intralogistyka Zoptymalizowany przep\u0142yw materia\u0142\u00f3w i informacji w Twojej firmie, zwi\u0119kszaj\u0105cy efektywno\u015b\u0107. Dowiedz si\u0119 wi\u0119cej&#8230; Obs\u0142uga proces\u00f3w produkcji Maksymalizacja wydajno\u015bci i jako\u015bci, przy minimalizacji koszt\u00f3w i czasu. Dowiedz si\u0119 wi\u0119cej&#8230; Us\u0142ugi poligraficzne Wysokiej jako\u015bci druk, precyzja i kreatywno\u015b\u0107, kt\u00f3re wyr\u00f3\u017cni\u0105 Twoje projekty na rynku. Dowiedz si\u0119 wi\u0119cej&#8230; Us\u0142ugi introligatorskie Profesjonalne oprawy i wyko\u0144czenia, gwarantuj\u0105ce trwa\u0142o\u015b\u0107. Dowiedz&hellip;<\/p>\n","protected":false},"author":1,"featured_media":5803,"parent":0,"menu_order":40,"comment_status":"closed","ping_status":"closed","template":"","meta":{"footnotes":""},"class_list":["post-993","page","type-page","status-publish","has-post-thumbnail","hentry"],"_links":{"self":[{"href":"https:\/\/rapidus.com.pl\/index.php\/wp-json\/wp\/v2\/pages\/993","targetHints":{"allow":["GET"]}}],"collection":[{"href":"https:\/\/rapidus.com.pl\/index.php\/wp-json\/wp\/v2\/pages"}],"about":[{"href":"https:\/\/rapidus.com.pl\/index.php\/wp-json\/wp\/v2\/types\/page"}],"author":[{"embeddable":true,"href":"https:\/\/rapidus.com.pl\/index.php\/wp-json\/wp\/v2\/users\/1"}],"replies":[{"embeddable":true,"href":"https:\/\/rapidus.com.pl\/index.php\/wp-json\/wp\/v2\/comments?post=993"}],"version-history":[{"count":16,"href":"https:\/\/rapidus.com.pl\/index.php\/wp-json\/wp\/v2\/pages\/993\/revisions"}],"predecessor-version":[{"id":6338,"href":"https:\/\/rapidus.com.pl\/index.php\/wp-json\/wp\/v2\/pages\/993\/revisions\/6338"}],"wp:featuredmedia":[{"embeddable":true,"href":"https:\/\/rapidus.com.pl\/index.php\/wp-json\/wp\/v2\/media\/5803"}],"wp:attachment":[{"href":"https:\/\/rapidus.com.pl\/index.php\/wp-json\/wp\/v2\/media?parent=993"}],"curies":[{"name":"wp","href":"https:\/\/api.w.org\/{rel}","templated":true}]}}