{"id":4052,"date":"2021-12-18T16:40:01","date_gmt":"2021-12-18T16:40:01","guid":{"rendered":"https:\/\/the7.io\/elementor-business\/?page_id=4052"},"modified":"2024-04-25T10:32:23","modified_gmt":"2024-04-25T08:32:23","slug":"ofertypracy","status":"publish","type":"page","link":"https:\/\/rapidus.com.pl\/index.php\/ofertypracy\/","title":{"rendered":"Oferty pracy"},"content":{"rendered":"\t\t<div data-elementor-type=\"wp-page\" data-elementor-id=\"4052\" class=\"elementor elementor-4052\" data-elementor-post-type=\"page\">\n\t\t\t\t\t\t<section class=\"elementor-section elementor-top-section elementor-element elementor-element-b5feb80 elementor-section-boxed elementor-section-height-default elementor-section-height-default\" data-id=\"b5feb80\" data-element_type=\"section\">\n\t\t\t\t\t\t<div class=\"elementor-container elementor-column-gap-wider\">\n\t\t\t\t\t<div class=\"elementor-column elementor-col-100 elementor-top-column elementor-element elementor-element-790bcb1\" data-id=\"790bcb1\" data-element_type=\"column\">\n\t\t\t<div class=\"elementor-widget-wrap elementor-element-populated\">\n\t\t\t\t\t\t<div class=\"elementor-element elementor-element-776ce17 img-align-top image-vertical-align-center slide-h-position-center icon-box-vertical-align-top preserve-img-ratio-cover elementor-widget elementor-widget-the7-elements-simple-posts\" data-id=\"776ce17\" data-element_type=\"widget\" data-widget_type=\"the7-elements-simple-posts.default\">\n\t\t\t\t<div class=\"elementor-widget-container\">\n\t\t\t<div class=\"the7-simple-widget-posts the7-elementor-widget the7-elements-simple-posts-776ce17 jquery-filter jquery-filter\" data-post-limit=\"12\" data-pagination-mode=\"load-more\" data-scroll-offset=\"\">\t\t\t<div class=\"dt-css-grid custom-pagination-handler\" data-columns=\"{&quot;d&quot;:3,&quot;t&quot;:2,&quot;p&quot;:1,&quot;wd&quot;:3}\">\n\t\t\t\t\t\t\t\t\t<div class=\"wf-cell visible \">\n\t\t\t\t\t\t<article class=\"post visible wrapper post-585 dt_portfolio type-dt_portfolio status-publish has-post-thumbnail hentry\">\n\n\t\t\t\t\t\t\t<div class=\"post-content-wrapper\">\n\t\t\t\t\t\t\t\t\t\t\t\t\t\t\t\t\t<div class=\"the7-simple-post-thumb\">\n\t\t\t\t\t\t\t\t\t\t<a class=\"post-thumbnail-rollover layzr-bg img-css-resize-wrapper\" aria-label=\"Post image\" href=\"https:\/\/rapidus.com.pl\/index.php\/project\/amet-from-ipsum\/\"><img fetchpriority=\"high\" decoding=\"async\" width=\"1500\" height=\"1000\" src=\"data:image\/svg+xml,%3Csvg%20xmlns%3D&#039;http%3A%2F%2Fwww.w3.org%2F2000%2Fsvg&#039;%20viewBox%3D&#039;0%200%201500%201000&#039;%2F%3E\" class=\"attachment-full size-full preload-me aspect lazy lazy-load\" alt=\"operator w\u00f3zka jezdnego\" sizes=\"(max-width: 1500px) 100vw, 1500px\" style=\"--ratio: 1500 \/ 1000;\" data-src=\"https:\/\/rapidus.com.pl\/wp-content\/uploads\/2020\/02\/rapidus-strona-1500x100-1.png\" loading=\"eager\" data-srcset=\"https:\/\/rapidus.com.pl\/wp-content\/uploads\/2020\/02\/rapidus-strona-1500x100-1.png 1500w, https:\/\/rapidus.com.pl\/wp-content\/uploads\/2020\/02\/rapidus-strona-1500x100-1-300x200.png 300w, https:\/\/rapidus.com.pl\/wp-content\/uploads\/2020\/02\/rapidus-strona-1500x100-1-1024x683.png 1024w, https:\/\/rapidus.com.pl\/wp-content\/uploads\/2020\/02\/rapidus-strona-1500x100-1-768x512.png 768w\" \/><span class=\"the7-hover-icon\"><\/span><\/a>\t\t\t\t\t\t\t\t\t<\/div>\n\t\t\t\t\t\t\t\t\t\t\t\t\t\t\t\t<div class=\"post-entry-content\">\n\t\t\t\t\t\t\t\t\t<h5 class=\"heading\"><a href=\"https:\/\/rapidus.com.pl\/index.php\/project\/amet-from-ipsum\/\" rel=\"bookmark\" title=\"Operator w\u00f3zka jezdniowego\" class=\"post-title\">Operator w\u00f3zka jezdniowego<\/a><\/h5><a href=\"https:\/\/rapidus.com.pl\/index.php\/project\/amet-from-ipsum\/\" target=\"\" aria-label=\"Czytaj wi\u0119cej o Operator w\u00f3zka jezdniowego\" class=\"box-button elementor-button elementor-size-sm\">Zobacz ofert\u0119<\/a>\t\t\t\t\t\t\t\t<\/div>\n\t\t\t\t\t\t\t<\/div>\n\t\t\t\t\t\t<\/article>\n\t\t\t\t\t<\/div>\t\t\t\t\t\t\t\t\t\t<div class=\"wf-cell visible \">\n\t\t\t\t\t\t<article class=\"post visible wrapper post-589 dt_portfolio type-dt_portfolio status-publish has-post-thumbnail hentry\">\n\n\t\t\t\t\t\t\t<div class=\"post-content-wrapper\">\n\t\t\t\t\t\t\t\t\t\t\t\t\t\t\t\t\t<div class=\"the7-simple-post-thumb\">\n\t\t\t\t\t\t\t\t\t\t<a class=\"post-thumbnail-rollover layzr-bg img-css-resize-wrapper\" aria-label=\"Post image\" href=\"https:\/\/rapidus.com.pl\/index.php\/project\/ipsum-from-dolor-amet\/\"><img decoding=\"async\" width=\"1500\" height=\"1000\" src=\"data:image\/svg+xml,%3Csvg%20xmlns%3D&#039;http%3A%2F%2Fwww.w3.org%2F2000%2Fsvg&#039;%20viewBox%3D&#039;0%200%201500%201000&#039;%2F%3E\" class=\"attachment-full size-full preload-me aspect lazy lazy-load\" alt=\"pomocnik operatora maszyny\" sizes=\"(max-width: 1500px) 100vw, 1500px\" style=\"--ratio: 1500 \/ 1000;\" data-src=\"https:\/\/rapidus.com.pl\/wp-content\/uploads\/2020\/02\/rapidus-strona-1500x1001-1.png\" loading=\"eager\" data-srcset=\"https:\/\/rapidus.com.pl\/wp-content\/uploads\/2020\/02\/rapidus-strona-1500x1001-1.png 1500w, https:\/\/rapidus.com.pl\/wp-content\/uploads\/2020\/02\/rapidus-strona-1500x1001-1-300x200.png 300w, https:\/\/rapidus.com.pl\/wp-content\/uploads\/2020\/02\/rapidus-strona-1500x1001-1-1024x683.png 1024w, https:\/\/rapidus.com.pl\/wp-content\/uploads\/2020\/02\/rapidus-strona-1500x1001-1-768x512.png 768w\" \/><span class=\"the7-hover-icon\"><\/span><\/a>\t\t\t\t\t\t\t\t\t<\/div>\n\t\t\t\t\t\t\t\t\t\t\t\t\t\t\t\t<div class=\"post-entry-content\">\n\t\t\t\t\t\t\t\t\t<h5 class=\"heading\"><a href=\"https:\/\/rapidus.com.pl\/index.php\/project\/ipsum-from-dolor-amet\/\" rel=\"bookmark\" title=\"Pomocnik operatora maszyny\" class=\"post-title\">Pomocnik operatora maszyny<\/a><\/h5><a href=\"https:\/\/rapidus.com.pl\/index.php\/project\/ipsum-from-dolor-amet\/\" target=\"\" aria-label=\"Czytaj wi\u0119cej o Pomocnik operatora maszyny\" class=\"box-button elementor-button elementor-size-sm\">Zobacz ofert\u0119<\/a>\t\t\t\t\t\t\t\t<\/div>\n\t\t\t\t\t\t\t<\/div>\n\t\t\t\t\t\t<\/article>\n\t\t\t\t\t<\/div>\t\t\t\t\t\t\t\t\t\t<div class=\"wf-cell visible \">\n\t\t\t\t\t\t<article class=\"post visible wrapper post-587 dt_portfolio type-dt_portfolio status-publish has-post-thumbnail hentry\">\n\n\t\t\t\t\t\t\t<div class=\"post-content-wrapper\">\n\t\t\t\t\t\t\t\t\t\t\t\t\t\t\t\t\t<div class=\"the7-simple-post-thumb\">\n\t\t\t\t\t\t\t\t\t\t<a class=\"post-thumbnail-rollover layzr-bg img-css-resize-wrapper\" aria-label=\"Post image\" href=\"https:\/\/rapidus.com.pl\/index.php\/project\/nulla-glavrida\/\"><img decoding=\"async\" width=\"1500\" height=\"1000\" src=\"data:image\/svg+xml,%3Csvg%20xmlns%3D&#039;http%3A%2F%2Fwww.w3.org%2F2000%2Fsvg&#039;%20viewBox%3D&#039;0%200%201500%201000&#039;%2F%3E\" class=\"attachment-full size-full preload-me aspect lazy lazy-load\" alt=\"pracownik produkcji\" sizes=\"(max-width: 1500px) 100vw, 1500px\" style=\"--ratio: 1500 \/ 1000;\" data-src=\"https:\/\/rapidus.com.pl\/wp-content\/uploads\/2020\/02\/rapidus-strona-1500x1002-1.png\" loading=\"eager\" data-srcset=\"https:\/\/rapidus.com.pl\/wp-content\/uploads\/2020\/02\/rapidus-strona-1500x1002-1.png 1500w, https:\/\/rapidus.com.pl\/wp-content\/uploads\/2020\/02\/rapidus-strona-1500x1002-1-300x200.png 300w, https:\/\/rapidus.com.pl\/wp-content\/uploads\/2020\/02\/rapidus-strona-1500x1002-1-1024x683.png 1024w, https:\/\/rapidus.com.pl\/wp-content\/uploads\/2020\/02\/rapidus-strona-1500x1002-1-768x512.png 768w\" \/><span class=\"the7-hover-icon\"><\/span><\/a>\t\t\t\t\t\t\t\t\t<\/div>\n\t\t\t\t\t\t\t\t\t\t\t\t\t\t\t\t<div class=\"post-entry-content\">\n\t\t\t\t\t\t\t\t\t<h5 class=\"heading\"><a href=\"https:\/\/rapidus.com.pl\/index.php\/project\/nulla-glavrida\/\" rel=\"bookmark\" title=\"Pracownik produkcji\" class=\"post-title\">Pracownik produkcji<\/a><\/h5><a href=\"https:\/\/rapidus.com.pl\/index.php\/project\/nulla-glavrida\/\" target=\"\" aria-label=\"Czytaj wi\u0119cej o Pracownik produkcji\" class=\"box-button elementor-button elementor-size-sm\">Zobacz ofert\u0119<\/a>\t\t\t\t\t\t\t\t<\/div>\n\t\t\t\t\t\t\t<\/div>\n\t\t\t\t\t\t<\/article>\n\t\t\t\t\t<\/div>\t\t\t\t\t\t\t\t<\/div>\n\t\t<div class=\"paginator filter-decorations paginator-more-button filter-pointer-framed\">\n\t\t\t\t<a class=\"button-load-more highlighted filter-item\" href=\"javascript:void(0);\" data-dt-page=\"1\" ><span class=\"button-caption\">Load more<\/span><\/a>\n\t\t\t<\/div><\/div>\t\t<\/div>\n\t\t\t\t<\/div>\n\t\t\t\t\t<\/div>\n\t\t<\/div>\n\t\t\t\t\t<\/div>\n\t\t<\/section>\n\t\t\t\t<section class=\"elementor-section elementor-top-section elementor-element elementor-element-447bc0c9 elementor-section-boxed elementor-section-height-default elementor-section-height-default\" data-id=\"447bc0c9\" data-element_type=\"section\">\n\t\t\t\t\t\t<div class=\"elementor-container elementor-column-gap-wider\">\n\t\t\t\t\t<div class=\"elementor-column elementor-col-100 elementor-top-column elementor-element elementor-element-37d879ba\" data-id=\"37d879ba\" data-element_type=\"column\">\n\t\t\t<div class=\"elementor-widget-wrap elementor-element-populated\">\n\t\t\t\t\t\t<div class=\"elementor-element elementor-element-6609aa31 elementor-widget elementor-widget-heading\" data-id=\"6609aa31\" data-element_type=\"widget\" data-widget_type=\"heading.default\">\n\t\t\t\t<div class=\"elementor-widget-container\">\n\t\t\t<h2 class=\"elementor-heading-title elementor-size-default\">Etapy rekrutacji<\/h2>\t\t<\/div>\n\t\t\t\t<\/div>\n\t\t\t\t\t<\/div>\n\t\t<\/div>\n\t\t\t\t\t<\/div>\n\t\t<\/section>\n\t\t\t\t<section class=\"elementor-section elementor-top-section elementor-element elementor-element-e46e79c elementor-section-boxed elementor-section-height-default elementor-section-height-default\" data-id=\"e46e79c\" data-element_type=\"section\">\n\t\t\t\t\t\t<div class=\"elementor-container elementor-column-gap-wider\">\n\t\t\t\t\t<div class=\"elementor-column elementor-col-33 elementor-top-column elementor-element elementor-element-15a3978\" data-id=\"15a3978\" data-element_type=\"column\">\n\t\t\t<div class=\"elementor-widget-wrap elementor-element-populated\">\n\t\t\t\t\t\t<div class=\"elementor-element elementor-element-698c5ef0 elementor-widget elementor-widget-heading\" data-id=\"698c5ef0\" data-element_type=\"widget\" data-widget_type=\"heading.default\">\n\t\t\t\t<div class=\"elementor-widget-container\">\n\t\t\t<h3 class=\"elementor-heading-title elementor-size-default\">01.<\/h3>\t\t<\/div>\n\t\t\t\t<\/div>\n\t\t\t\t<div class=\"elementor-element elementor-element-112705fd elementor-widget elementor-widget-spacer\" data-id=\"112705fd\" data-element_type=\"widget\" data-widget_type=\"spacer.default\">\n\t\t\t\t<div class=\"elementor-widget-container\">\n\t\t\t\t\t<div class=\"elementor-spacer\">\n\t\t\t<div class=\"elementor-spacer-inner\"><\/div>\n\t\t<\/div>\n\t\t\t\t<\/div>\n\t\t\t\t<\/div>\n\t\t\t\t<div class=\"elementor-element elementor-element-1795080e elementor-widget elementor-widget-heading\" data-id=\"1795080e\" data-element_type=\"widget\" data-widget_type=\"heading.default\">\n\t\t\t\t<div class=\"elementor-widget-container\">\n\t\t\t<h4 class=\"elementor-heading-title elementor-size-default\">Aplikuj<\/h4>\t\t<\/div>\n\t\t\t\t<\/div>\n\t\t\t\t<div class=\"elementor-element elementor-element-2be604fb elementor-widget elementor-widget-spacer\" data-id=\"2be604fb\" data-element_type=\"widget\" data-widget_type=\"spacer.default\">\n\t\t\t\t<div class=\"elementor-widget-container\">\n\t\t\t\t\t<div class=\"elementor-spacer\">\n\t\t\t<div class=\"elementor-spacer-inner\"><\/div>\n\t\t<\/div>\n\t\t\t\t<\/div>\n\t\t\t\t<\/div>\n\t\t\t\t<div class=\"elementor-element elementor-element-21da4f8b elementor-widget elementor-widget-text-editor\" data-id=\"21da4f8b\" data-element_type=\"widget\" data-widget_type=\"text-editor.default\">\n\t\t\t\t<div class=\"elementor-widget-container\">\n\t\t\t\t\t\t\t<p>Wybierz ofert\u0119, kt\u00f3ra jest dla Ciebie odpowiednia. Po przej\u015bciu na dan\u0105 ofert\u0119 pracy wy\u015blij swoj\u0105 aplikacj\u0119.<\/p>\t\t\t\t\t\t<\/div>\n\t\t\t\t<\/div>\n\t\t\t\t\t<\/div>\n\t\t<\/div>\n\t\t\t\t<div class=\"elementor-column elementor-col-33 elementor-top-column elementor-element elementor-element-7c0f78a0\" data-id=\"7c0f78a0\" data-element_type=\"column\">\n\t\t\t<div class=\"elementor-widget-wrap elementor-element-populated\">\n\t\t\t\t\t\t<div class=\"elementor-element elementor-element-133d2f6b elementor-widget elementor-widget-heading\" data-id=\"133d2f6b\" data-element_type=\"widget\" data-widget_type=\"heading.default\">\n\t\t\t\t<div class=\"elementor-widget-container\">\n\t\t\t<h3 class=\"elementor-heading-title elementor-size-default\">02.<\/h3>\t\t<\/div>\n\t\t\t\t<\/div>\n\t\t\t\t<div class=\"elementor-element elementor-element-344e7be4 elementor-widget elementor-widget-spacer\" data-id=\"344e7be4\" data-element_type=\"widget\" data-widget_type=\"spacer.default\">\n\t\t\t\t<div class=\"elementor-widget-container\">\n\t\t\t\t\t<div class=\"elementor-spacer\">\n\t\t\t<div class=\"elementor-spacer-inner\"><\/div>\n\t\t<\/div>\n\t\t\t\t<\/div>\n\t\t\t\t<\/div>\n\t\t\t\t<div class=\"elementor-element elementor-element-6e06b1d elementor-widget elementor-widget-heading\" data-id=\"6e06b1d\" data-element_type=\"widget\" data-widget_type=\"heading.default\">\n\t\t\t\t<div class=\"elementor-widget-container\">\n\t\t\t<h4 class=\"elementor-heading-title elementor-size-default\">Spotkanie <\/h4>\t\t<\/div>\n\t\t\t\t<\/div>\n\t\t\t\t<div class=\"elementor-element elementor-element-54db5a3b elementor-widget elementor-widget-spacer\" data-id=\"54db5a3b\" data-element_type=\"widget\" data-widget_type=\"spacer.default\">\n\t\t\t\t<div class=\"elementor-widget-container\">\n\t\t\t\t\t<div class=\"elementor-spacer\">\n\t\t\t<div class=\"elementor-spacer-inner\"><\/div>\n\t\t<\/div>\n\t\t\t\t<\/div>\n\t\t\t\t<\/div>\n\t\t\t\t<div class=\"elementor-element elementor-element-57464fcb elementor-widget elementor-widget-text-editor\" data-id=\"57464fcb\" data-element_type=\"widget\" data-widget_type=\"text-editor.default\">\n\t\t\t\t<div class=\"elementor-widget-container\">\n\t\t\t\t\t\t\t<p>Po otrzymaniu aplikacji um\u00f3wimy si\u0119 na spotkanie celem poznania i przedstawienia warunk\u00f3w pracy.<\/p>\t\t\t\t\t\t<\/div>\n\t\t\t\t<\/div>\n\t\t\t\t\t<\/div>\n\t\t<\/div>\n\t\t\t\t<div class=\"elementor-column elementor-col-33 elementor-top-column elementor-element elementor-element-3471fb16\" data-id=\"3471fb16\" data-element_type=\"column\">\n\t\t\t<div class=\"elementor-widget-wrap elementor-element-populated\">\n\t\t\t\t\t\t<div class=\"elementor-element elementor-element-79d8de28 elementor-widget elementor-widget-heading\" data-id=\"79d8de28\" data-element_type=\"widget\" data-widget_type=\"heading.default\">\n\t\t\t\t<div class=\"elementor-widget-container\">\n\t\t\t<h3 class=\"elementor-heading-title elementor-size-default\">03.<\/h3>\t\t<\/div>\n\t\t\t\t<\/div>\n\t\t\t\t<div class=\"elementor-element elementor-element-1414b7b4 elementor-widget elementor-widget-spacer\" data-id=\"1414b7b4\" data-element_type=\"widget\" data-widget_type=\"spacer.default\">\n\t\t\t\t<div class=\"elementor-widget-container\">\n\t\t\t\t\t<div class=\"elementor-spacer\">\n\t\t\t<div class=\"elementor-spacer-inner\"><\/div>\n\t\t<\/div>\n\t\t\t\t<\/div>\n\t\t\t\t<\/div>\n\t\t\t\t<div class=\"elementor-element elementor-element-5698e6d9 elementor-widget elementor-widget-heading\" data-id=\"5698e6d9\" data-element_type=\"widget\" data-widget_type=\"heading.default\">\n\t\t\t\t<div class=\"elementor-widget-container\">\n\t\t\t<h4 class=\"elementor-heading-title elementor-size-default\">Zatrudnienie<\/h4>\t\t<\/div>\n\t\t\t\t<\/div>\n\t\t\t\t<div class=\"elementor-element elementor-element-647ec382 elementor-widget elementor-widget-spacer\" data-id=\"647ec382\" data-element_type=\"widget\" data-widget_type=\"spacer.default\">\n\t\t\t\t<div class=\"elementor-widget-container\">\n\t\t\t\t\t<div class=\"elementor-spacer\">\n\t\t\t<div class=\"elementor-spacer-inner\"><\/div>\n\t\t<\/div>\n\t\t\t\t<\/div>\n\t\t\t\t<\/div>\n\t\t\t\t<div class=\"elementor-element elementor-element-45bdbe63 elementor-widget elementor-widget-text-editor\" data-id=\"45bdbe63\" data-element_type=\"widget\" data-widget_type=\"text-editor.default\">\n\t\t\t\t<div class=\"elementor-widget-container\">\n\t\t\t\t\t\t\t<p>Je\u015bli poprzedni krok zako\u0144czy\u0142 si\u0119 sukcesem to przechodzimy do podpisania dokument\u00f3w kadrowych.<\/p>\t\t\t\t\t\t<\/div>\n\t\t\t\t<\/div>\n\t\t\t\t\t<\/div>\n\t\t<\/div>\n\t\t\t\t\t<\/div>\n\t\t<\/section>\n\t\t\t\t<\/div>\n\t\t","protected":false},"excerpt":{"rendered":"<p>Operator w\u00f3zka jezdniowego Zobacz ofert\u0119 Pomocnik operatora maszyny Zobacz ofert\u0119 Pracownik produkcji Zobacz ofert\u0119 Load more Etapy rekrutacji 01. Aplikuj Wybierz ofert\u0119, kt\u00f3ra jest dla Ciebie odpowiednia. Po przej\u015bciu na dan\u0105 ofert\u0119 pracy wy\u015blij swoj\u0105 aplikacj\u0119. 02. Spotkanie Po otrzymaniu aplikacji um\u00f3wimy si\u0119 na spotkanie celem poznania i przedstawienia warunk\u00f3w pracy. 03. Zatrudnienie Je\u015bli poprzedni&hellip;<\/p>\n","protected":false},"author":1,"featured_media":6189,"parent":0,"menu_order":60,"comment_status":"closed","ping_status":"closed","template":"","meta":{"footnotes":""},"class_list":["post-4052","page","type-page","status-publish","has-post-thumbnail","hentry"],"_links":{"self":[{"href":"https:\/\/rapidus.com.pl\/index.php\/wp-json\/wp\/v2\/pages\/4052","targetHints":{"allow":["GET"]}}],"collection":[{"href":"https:\/\/rapidus.com.pl\/index.php\/wp-json\/wp\/v2\/pages"}],"about":[{"href":"https:\/\/rapidus.com.pl\/index.php\/wp-json\/wp\/v2\/types\/page"}],"author":[{"embeddable":true,"href":"https:\/\/rapidus.com.pl\/index.php\/wp-json\/wp\/v2\/users\/1"}],"replies":[{"embeddable":true,"href":"https:\/\/rapidus.com.pl\/index.php\/wp-json\/wp\/v2\/comments?post=4052"}],"version-history":[{"count":19,"href":"https:\/\/rapidus.com.pl\/index.php\/wp-json\/wp\/v2\/pages\/4052\/revisions"}],"predecessor-version":[{"id":6064,"href":"https:\/\/rapidus.com.pl\/index.php\/wp-json\/wp\/v2\/pages\/4052\/revisions\/6064"}],"wp:featuredmedia":[{"embeddable":true,"href":"https:\/\/rapidus.com.pl\/index.php\/wp-json\/wp\/v2\/media\/6189"}],"wp:attachment":[{"href":"https:\/\/rapidus.com.pl\/index.php\/wp-json\/wp\/v2\/media?parent=4052"}],"curies":[{"name":"wp","href":"https:\/\/api.w.org\/{rel}","templated":true}]}}