{"id":4050,"date":"2021-12-18T16:39:47","date_gmt":"2021-12-18T16:39:47","guid":{"rendered":"https:\/\/the7.io\/elementor-business\/?page_id=4050"},"modified":"2025-02-17T19:56:45","modified_gmt":"2025-02-17T18:56:45","slug":"kontakt","status":"publish","type":"page","link":"https:\/\/rapidus.com.pl\/index.php\/kontakt\/","title":{"rendered":"Kontakt"},"content":{"rendered":"\t\t<div data-elementor-type=\"wp-page\" data-elementor-id=\"4050\" class=\"elementor elementor-4050\" data-elementor-post-type=\"page\">\n\t\t\t\t\t\t<section class=\"elementor-section elementor-top-section elementor-element elementor-element-29fca01 elementor-section-boxed elementor-section-height-default elementor-section-height-default\" data-id=\"29fca01\" data-element_type=\"section\">\n\t\t\t\t\t\t<div class=\"elementor-container elementor-column-gap-wider\">\n\t\t\t\t\t<div class=\"elementor-column elementor-col-33 elementor-top-column elementor-element elementor-element-47b6b3d\" data-id=\"47b6b3d\" data-element_type=\"column\">\n\t\t\t<div class=\"elementor-widget-wrap elementor-element-populated\">\n\t\t\t\t\t\t<div class=\"elementor-element elementor-element-f9eaa16 content-align-mobile-center icon-position-mobile-top icon-vertical-align-mobile-center content-align-center icon-position-top icon-vertical-align-center icon-box-vertical-align-top elementor-widget elementor-widget-the7_icon_box_widget\" data-id=\"f9eaa16\" data-element_type=\"widget\" data-widget_type=\"the7_icon_box_widget.default\">\n\t\t\t\t<div class=\"elementor-widget-container\">\n\t\t\t\n\t\t<div class=\"the7-box-wrapper the7-elementor-widget the7_icon_box_widget-f9eaa16\">\t\t\t<div class=\"box-content-wrapper\">\n\t\t\t\t\t\t\t\t\t<a class=\"elementor-icon-div\" >\t\t\t\t\t\t<div class=\"elementor-icon\">\n\t\t\t\t\t\t\t<svg aria-hidden=\"true\" class=\"e-font-icon-svg e-fas-phone-alt\" viewBox=\"0 0 512 512\" xmlns=\"http:\/\/www.w3.org\/2000\/svg\"><path d=\"M497.39 361.8l-112-48a24 24 0 0 0-28 6.9l-49.6 60.6A370.66 370.66 0 0 1 130.6 204.11l60.6-49.6a23.94 23.94 0 0 0 6.9-28l-48-112A24.16 24.16 0 0 0 122.6.61l-104 24A24 24 0 0 0 0 48c0 256.5 207.9 464 464 464a24 24 0 0 0 23.4-18.6l24-104a24.29 24.29 0 0 0-14.01-27.6z\"><\/path><\/svg>\t\t\t\t\t\t<\/div>\n\t\t\t\t\t<\/a>\t\t\t\t\t\t\t\t<div class=\"box-content\">\n\t\t\t\t\t\t\t\t\t\t\t\t\t\t\t\t<div class=\"box-description\"><p> 22 345 66 01<br><span style=\"color: var( --e-global-color-el_color_7 ); font-family: var( --e-global-typography-el_title_4-font-family ), Sans-serif; font-size: var( --e-global-typography-el_title_4-font-size ); font-weight: var( --e-global-typography-el_title_4-font-weight ); letter-spacing: var( --e-global-typography-el_title_4-letter-spacing ); text-transform: var( --e-global-typography-el_title_4-text-transform ); word-spacing: normal;\"><\/span><\/p><\/div>\n\t\t\t\t\t\n\t\t\t\t\t\n\t\t\t\t<\/div>\n\t\t\t<\/div>\n\t\t<\/div>\t\t\t<\/div>\n\t\t\t\t<\/div>\n\t\t\t\t\t<\/div>\n\t\t<\/div>\n\t\t\t\t<div class=\"elementor-column elementor-col-33 elementor-top-column elementor-element elementor-element-ad71038\" data-id=\"ad71038\" data-element_type=\"column\">\n\t\t\t<div class=\"elementor-widget-wrap elementor-element-populated\">\n\t\t\t\t\t\t<div class=\"elementor-element elementor-element-e6bc557 content-align-mobile-center icon-position-mobile-top icon-vertical-align-mobile-center content-align-center icon-position-top icon-vertical-align-center icon-box-vertical-align-top elementor-widget elementor-widget-the7_icon_box_widget\" data-id=\"e6bc557\" data-element_type=\"widget\" data-widget_type=\"the7_icon_box_widget.default\">\n\t\t\t\t<div class=\"elementor-widget-container\">\n\t\t\t\n\t\t<div class=\"the7-box-wrapper the7-elementor-widget the7_icon_box_widget-e6bc557\">\t\t\t<div class=\"box-content-wrapper\">\n\t\t\t\t\t\t\t\t\t<a class=\"elementor-icon-div\" >\t\t\t\t\t\t<div class=\"elementor-icon\">\n\t\t\t\t\t\t\t<svg aria-hidden=\"true\" class=\"e-font-icon-svg e-fas-map-marker-alt\" viewBox=\"0 0 384 512\" xmlns=\"http:\/\/www.w3.org\/2000\/svg\"><path d=\"M172.268 501.67C26.97 291.031 0 269.413 0 192 0 85.961 85.961 0 192 0s192 85.961 192 192c0 77.413-26.97 99.031-172.268 309.67-9.535 13.774-29.93 13.773-39.464 0zM192 272c44.183 0 80-35.817 80-80s-35.817-80-80-80-80 35.817-80 80 35.817 80 80 80z\"><\/path><\/svg>\t\t\t\t\t\t<\/div>\n\t\t\t\t\t<\/a>\t\t\t\t\t\t\t\t<div class=\"box-content\">\n\t\t\t\t\t\t\t\t\t\t\t\t\t\t\t\t<div class=\"box-description\"><p>Karczewska 18, 04-112 Warszawa<span style=\"color: var( --e-global-color-secondary ); font-family: var( --e-global-typography-el_title_5-font-family ), Sans-serif; font-size: var( --e-global-typography-el_title_5-font-size ); font-weight: var( --e-global-typography-el_title_5-font-weight ); text-transform: var( --e-global-typography-el_title_5-text-transform ); word-spacing: normal;\"><\/span><\/p><\/div>\n\t\t\t\t\t\n\t\t\t\t\t\n\t\t\t\t<\/div>\n\t\t\t<\/div>\n\t\t<\/div>\t\t\t<\/div>\n\t\t\t\t<\/div>\n\t\t\t\t\t<\/div>\n\t\t<\/div>\n\t\t\t\t<div class=\"elementor-column elementor-col-33 elementor-top-column elementor-element elementor-element-967f6af\" data-id=\"967f6af\" data-element_type=\"column\">\n\t\t\t<div class=\"elementor-widget-wrap elementor-element-populated\">\n\t\t\t\t\t\t<div class=\"elementor-element elementor-element-3f51a91 content-align-mobile-center icon-position-mobile-top icon-vertical-align-mobile-center content-align-center icon-position-top icon-vertical-align-center icon-box-vertical-align-top elementor-widget elementor-widget-the7_icon_box_widget\" data-id=\"3f51a91\" data-element_type=\"widget\" data-widget_type=\"the7_icon_box_widget.default\">\n\t\t\t\t<div class=\"elementor-widget-container\">\n\t\t\t\n\t\t<div class=\"the7-box-wrapper the7-elementor-widget the7_icon_box_widget-3f51a91\">\t\t\t<div class=\"box-content-wrapper\">\n\t\t\t\t\t\t\t\t\t<a class=\"elementor-icon-div\" >\t\t\t\t\t\t<div class=\"elementor-icon\">\n\t\t\t\t\t\t\t<svg aria-hidden=\"true\" class=\"e-font-icon-svg e-fas-envelope\" viewBox=\"0 0 512 512\" xmlns=\"http:\/\/www.w3.org\/2000\/svg\"><path d=\"M502.3 190.8c3.9-3.1 9.7-.2 9.7 4.7V400c0 26.5-21.5 48-48 48H48c-26.5 0-48-21.5-48-48V195.6c0-5 5.7-7.8 9.7-4.7 22.4 17.4 52.1 39.5 154.1 113.6 21.1 15.4 56.7 47.8 92.2 47.6 35.7.3 72-32.8 92.3-47.6 102-74.1 131.6-96.3 154-113.7zM256 320c23.2.4 56.6-29.2 73.4-41.4 132.7-96.3 142.8-104.7 173.4-128.7 5.8-4.5 9.2-11.5 9.2-18.9v-19c0-26.5-21.5-48-48-48H48C21.5 64 0 85.5 0 112v19c0 7.4 3.4 14.3 9.2 18.9 30.6 23.9 40.7 32.4 173.4 128.7 16.8 12.2 50.2 41.8 73.4 41.4z\"><\/path><\/svg>\t\t\t\t\t\t<\/div>\n\t\t\t\t\t<\/a>\t\t\t\t\t\t\t\t<div class=\"box-content\">\n\t\t\t\t\t\t\t\t\t\t\t\t\t\t\t\t<div class=\"box-description\"><p>biuro@rapidus.com.pl<span style=\"color: var( --e-global-color-secondary ); font-family: var( --e-global-typography-el_title_5-font-family ), Sans-serif; font-size: var( --e-global-typography-el_title_5-font-size ); font-weight: var( --e-global-typography-el_title_5-font-weight ); text-transform: var( --e-global-typography-el_title_5-text-transform ); word-spacing: normal;\"><\/span><\/p><\/div>\n\t\t\t\t\t\n\t\t\t\t\t\n\t\t\t\t<\/div>\n\t\t\t<\/div>\n\t\t<\/div>\t\t\t<\/div>\n\t\t\t\t<\/div>\n\t\t\t\t\t<\/div>\n\t\t<\/div>\n\t\t\t\t\t<\/div>\n\t\t<\/section>\n\t\t\t\t<section class=\"elementor-section elementor-top-section elementor-element elementor-element-c1dd138 elementor-section-boxed elementor-section-height-default elementor-section-height-default\" data-id=\"c1dd138\" data-element_type=\"section\">\n\t\t\t\t\t\t<div class=\"elementor-container elementor-column-gap-wider\">\n\t\t\t\t\t<div class=\"elementor-column elementor-col-100 elementor-top-column elementor-element elementor-element-257184a\" data-id=\"257184a\" data-element_type=\"column\">\n\t\t\t<div class=\"elementor-widget-wrap elementor-element-populated\">\n\t\t\t\t\t\t<div class=\"elementor-element elementor-element-42694cd elementor-widget elementor-widget-heading\" data-id=\"42694cd\" data-element_type=\"widget\" data-widget_type=\"heading.default\">\n\t\t\t\t<div class=\"elementor-widget-container\">\n\t\t\t<h3 class=\"elementor-heading-title elementor-size-default\">Obowi\u0105zek informacyjny<\/h3>\t\t<\/div>\n\t\t\t\t<\/div>\n\t\t\t\t<div class=\"elementor-element elementor-element-65bb03e elementor-widget elementor-widget-spacer\" data-id=\"65bb03e\" data-element_type=\"widget\" data-widget_type=\"spacer.default\">\n\t\t\t\t<div class=\"elementor-widget-container\">\n\t\t\t\t\t<div class=\"elementor-spacer\">\n\t\t\t<div class=\"elementor-spacer-inner\"><\/div>\n\t\t<\/div>\n\t\t\t\t<\/div>\n\t\t\t\t<\/div>\n\t\t\t\t<div class=\"elementor-element elementor-element-d1df4e2 elementor-widget elementor-widget-text-editor\" data-id=\"d1df4e2\" data-element_type=\"widget\" data-widget_type=\"text-editor.default\">\n\t\t\t\t<div class=\"elementor-widget-container\">\n\t\t\t\t\t\t\t<p>RAPIDUS sp. z o.o. z siedzib\u0105 w Warszawie, ul. Karczewska 18, 04-112, zarejestrowana w S\u0105dzie Rejonowym dla m.st. Warszawy, XIV Wydzia\u0142 Gospodarczy KRS pod numerem 0000704500, REGON: 368803952, NIP: 113-295-62-62, kapita\u0142 zak\u0142adowy: 578\u00a0000,00 z\u0142<\/p><p>Zapoznaj si\u0119 z <a href=\"https:\/\/new.rapidus.com.pl\/index.php\/polityka-prywatnosci\/?preview_id=3&amp;preview_nonce=28b526ade6&amp;preview=true\">Polityk\u0105 prywatno\u015bci.<\/a><\/p>\t\t\t\t\t\t<\/div>\n\t\t\t\t<\/div>\n\t\t\t\t<div class=\"elementor-element elementor-element-55a3a9e elementor-widget elementor-widget-spacer\" data-id=\"55a3a9e\" data-element_type=\"widget\" data-widget_type=\"spacer.default\">\n\t\t\t\t<div class=\"elementor-widget-container\">\n\t\t\t\t\t<div class=\"elementor-spacer\">\n\t\t\t<div class=\"elementor-spacer-inner\"><\/div>\n\t\t<\/div>\n\t\t\t\t<\/div>\n\t\t\t\t<\/div>\n\t\t\t\t\t<\/div>\n\t\t<\/div>\n\t\t\t\t\t<\/div>\n\t\t<\/section>\n\t\t\t\t<\/div>\n\t\t","protected":false},"excerpt":{"rendered":"<p>22 345 66 01 Karczewska 18, 04-112 Warszawa biuro@rapidus.com.pl Obowi\u0105zek informacyjny RAPIDUS sp. z o.o. z siedzib\u0105 w Warszawie, ul. Karczewska 18, 04-112, zarejestrowana w S\u0105dzie Rejonowym dla m.st. Warszawy, XIV Wydzia\u0142 Gospodarczy KRS pod numerem 0000704500, REGON: 368803952, NIP: 113-295-62-62, kapita\u0142 zak\u0142adowy: 578\u00a0000,00 z\u0142 Zapoznaj si\u0119 z Polityk\u0105 prywatno\u015bci.<\/p>\n","protected":false},"author":1,"featured_media":601,"parent":0,"menu_order":70,"comment_status":"closed","ping_status":"closed","template":"","meta":{"footnotes":""},"class_list":["post-4050","page","type-page","status-publish","has-post-thumbnail","hentry"],"_links":{"self":[{"href":"https:\/\/rapidus.com.pl\/index.php\/wp-json\/wp\/v2\/pages\/4050","targetHints":{"allow":["GET"]}}],"collection":[{"href":"https:\/\/rapidus.com.pl\/index.php\/wp-json\/wp\/v2\/pages"}],"about":[{"href":"https:\/\/rapidus.com.pl\/index.php\/wp-json\/wp\/v2\/types\/page"}],"author":[{"embeddable":true,"href":"https:\/\/rapidus.com.pl\/index.php\/wp-json\/wp\/v2\/users\/1"}],"replies":[{"embeddable":true,"href":"https:\/\/rapidus.com.pl\/index.php\/wp-json\/wp\/v2\/comments?post=4050"}],"version-history":[{"count":70,"href":"https:\/\/rapidus.com.pl\/index.php\/wp-json\/wp\/v2\/pages\/4050\/revisions"}],"predecessor-version":[{"id":6348,"href":"https:\/\/rapidus.com.pl\/index.php\/wp-json\/wp\/v2\/pages\/4050\/revisions\/6348"}],"wp:featuredmedia":[{"embeddable":true,"href":"https:\/\/rapidus.com.pl\/index.php\/wp-json\/wp\/v2\/media\/601"}],"wp:attachment":[{"href":"https:\/\/rapidus.com.pl\/index.php\/wp-json\/wp\/v2\/media?parent=4050"}],"curies":[{"name":"wp","href":"https:\/\/api.w.org\/{rel}","templated":true}]}}