{"id":4042,"date":"2021-12-18T16:38:54","date_gmt":"2021-12-18T16:38:54","guid":{"rendered":"https:\/\/the7.io\/elementor-business\/?page_id=4042"},"modified":"2024-04-29T10:10:01","modified_gmt":"2024-04-29T08:10:01","slug":"onas","status":"publish","type":"page","link":"https:\/\/rapidus.com.pl\/index.php\/onas\/","title":{"rendered":"O nas"},"content":{"rendered":"\t\t<div data-elementor-type=\"wp-page\" data-elementor-id=\"4042\" class=\"elementor elementor-4042\" data-elementor-post-type=\"page\">\n\t\t\t\t\t\t<section class=\"elementor-section elementor-top-section elementor-element elementor-element-7b8102d elementor-section-boxed elementor-section-height-default elementor-section-height-default\" data-id=\"7b8102d\" data-element_type=\"section\">\n\t\t\t\t\t\t<div class=\"elementor-container elementor-column-gap-wider\">\n\t\t\t\t\t<div class=\"elementor-column elementor-col-100 elementor-top-column elementor-element elementor-element-6c3c223\" data-id=\"6c3c223\" data-element_type=\"column\">\n\t\t\t<div class=\"elementor-widget-wrap elementor-element-populated\">\n\t\t\t\t\t\t<div class=\"elementor-element elementor-element-f756c7c elementor-widget elementor-widget-heading\" data-id=\"f756c7c\" data-element_type=\"widget\" data-widget_type=\"heading.default\">\n\t\t\t\t<div class=\"elementor-widget-container\">\n\t\t\t<h2 class=\"elementor-heading-title elementor-size-default\">Poznaj firm\u0119 Rapidus sp. z o.o.<\/h2>\t\t<\/div>\n\t\t\t\t<\/div>\n\t\t\t\t\t<\/div>\n\t\t<\/div>\n\t\t\t\t\t<\/div>\n\t\t<\/section>\n\t\t\t\t<section class=\"elementor-section elementor-top-section elementor-element elementor-element-71de880 elementor-reverse-tablet elementor-reverse-mobile elementor-section-boxed elementor-section-height-default elementor-section-height-default\" data-id=\"71de880\" data-element_type=\"section\">\n\t\t\t\t\t\t<div class=\"elementor-container elementor-column-gap-wider\">\n\t\t\t\t\t<div class=\"elementor-column elementor-col-50 elementor-top-column elementor-element elementor-element-3e4b299\" data-id=\"3e4b299\" data-element_type=\"column\">\n\t\t\t<div class=\"elementor-widget-wrap elementor-element-populated\">\n\t\t\t\t\t\t<div class=\"elementor-element elementor-element-91f339c elementor-widget elementor-widget-text-editor\" data-id=\"91f339c\" data-element_type=\"widget\" data-widget_type=\"text-editor.default\">\n\t\t\t\t<div class=\"elementor-widget-container\">\n\t\t\t\t\t\t\t<p>Firma Rapidus to wszechstronny partner oferuj\u0105cy kompleksowe us\u0142ugi w obszarach intralogistyki, obs\u0142ugi proces\u00f3w produkcji, us\u0142ug introligatorskich oraz us\u0142ug poligraficznych. Zajmujemy si\u0119 optymalizacj\u0105 transportu wewn\u0119trznego, efektywn\u0105 obs\u0142ug\u0105 proces\u00f3w produkcyjnych, \u015bwiadczeniem us\u0142ug introligatorskich, a tak\u017ce kompleksowym drukiem offsetowym i cyfrowym.<\/p><p>Nasze do\u015bwiadczenie i zaanga\u017cowanie pozwala nam dostosowa\u0107 si\u0119 do indywidualnych potrzeb Klient\u00f3w, zapewniaj\u0105c im konkurencyjno\u015b\u0107, jako\u015b\u0107 i terminowo\u015b\u0107. Jeste\u015bmy r\u00f3wnie\u017c partnerem w obszarze doradztwa i zarz\u0105dzania, oferuj\u0105c holistyczne podej\u015bcie do rozwoju i skutecznego zarz\u0105dzania biznesem.<br \/>Od lat wsp\u00f3\u0142pracujemy z najwi\u0119kszymi graczami na rynku.<\/p><p>Wiemy, \u017ce w ka\u017cdej firmie najwa\u017cniejszy jest czynnik ludzki. Stawiamy na ludzi. Szanujemy ludzi. Doceniamy ludzi. Pasjonujemy si\u0119 swoj\u0105 prac\u0105. Zapraszamy do wsp\u00f3\u0142pracy!<\/p>\t\t\t\t\t\t<\/div>\n\t\t\t\t<\/div>\n\t\t\t\t<div class=\"elementor-element elementor-element-6713329 elementor-widget elementor-widget-spacer\" data-id=\"6713329\" data-element_type=\"widget\" data-widget_type=\"spacer.default\">\n\t\t\t\t<div class=\"elementor-widget-container\">\n\t\t\t\t\t<div class=\"elementor-spacer\">\n\t\t\t<div class=\"elementor-spacer-inner\"><\/div>\n\t\t<\/div>\n\t\t\t\t<\/div>\n\t\t\t\t<\/div>\n\t\t\t\t\t<\/div>\n\t\t<\/div>\n\t\t\t\t<div class=\"elementor-column elementor-col-50 elementor-top-column elementor-element elementor-element-90dd1af\" data-id=\"90dd1af\" data-element_type=\"column\" data-settings=\"{&quot;background_background&quot;:&quot;gradient&quot;}\">\n\t\t\t<div class=\"elementor-widget-wrap elementor-element-populated\">\n\t\t\t\t\t\t<div class=\"elementor-element elementor-element-2d310d2 elementor-widget elementor-widget-image\" data-id=\"2d310d2\" data-element_type=\"widget\" data-widget_type=\"image.default\">\n\t\t\t\t<div class=\"elementor-widget-container\">\n\t\t\t\t\t\t\t\t\t\t\t\t\t<img fetchpriority=\"high\" decoding=\"async\" width=\"300\" height=\"200\" src=\"https:\/\/rapidus.com.pl\/wp-content\/uploads\/2021\/12\/Projekt-bez-nazwy.png\" class=\"attachment-large size-large wp-image-5706\" alt=\"Firma Rapidus sp. z o.o.\" \/>\t\t\t\t\t\t\t\t\t\t\t\t\t<\/div>\n\t\t\t\t<\/div>\n\t\t\t\t\t<\/div>\n\t\t<\/div>\n\t\t\t\t\t<\/div>\n\t\t<\/section>\n\t\t\t\t<section class=\"elementor-section elementor-top-section elementor-element elementor-element-7d169803 elementor-section-stretched elementor-section-full_width elementor-section-height-default elementor-section-height-default\" data-id=\"7d169803\" data-element_type=\"section\" data-settings=\"{&quot;stretch_section&quot;:&quot;section-stretched&quot;,&quot;background_background&quot;:&quot;classic&quot;}\">\n\t\t\t\t\t\t<div class=\"elementor-container elementor-column-gap-wider\">\n\t\t\t\t\t<div class=\"elementor-column elementor-col-50 elementor-top-column elementor-element elementor-element-6ac1b8eb\" data-id=\"6ac1b8eb\" data-element_type=\"column\" data-settings=\"{&quot;background_background&quot;:&quot;classic&quot;}\">\n\t\t\t<div class=\"elementor-widget-wrap elementor-element-populated\">\n\t\t\t\t\t\t<section class=\"elementor-section elementor-inner-section elementor-element elementor-element-2e294db3 elementor-section-boxed elementor-section-height-default elementor-section-height-default\" data-id=\"2e294db3\" data-element_type=\"section\">\n\t\t\t\t\t\t<div class=\"elementor-container elementor-column-gap-wider\">\n\t\t\t\t\t<div class=\"elementor-column elementor-col-100 elementor-inner-column elementor-element elementor-element-794c1b1e\" data-id=\"794c1b1e\" data-element_type=\"column\">\n\t\t\t<div class=\"elementor-widget-wrap elementor-element-populated\">\n\t\t\t\t\t\t<div class=\"elementor-element elementor-element-61ee18bf elementor-widget elementor-widget-heading\" data-id=\"61ee18bf\" data-element_type=\"widget\" data-widget_type=\"heading.default\">\n\t\t\t\t<div class=\"elementor-widget-container\">\n\t\t\t<h3 class=\"elementor-heading-title elementor-size-default\">Masz pytania? <\/br>\nskontaktuj si\u0119 z nami!<\/h3>\t\t<\/div>\n\t\t\t\t<\/div>\n\t\t\t\t<div class=\"elementor-element elementor-element-2640e0d3 elementor-widget elementor-widget-spacer\" data-id=\"2640e0d3\" data-element_type=\"widget\" data-widget_type=\"spacer.default\">\n\t\t\t\t<div class=\"elementor-widget-container\">\n\t\t\t\t\t<div class=\"elementor-spacer\">\n\t\t\t<div class=\"elementor-spacer-inner\"><\/div>\n\t\t<\/div>\n\t\t\t\t<\/div>\n\t\t\t\t<\/div>\n\t\t\t\t<div class=\"elementor-element elementor-element-2aba2c21 content-align-mobile-center icon-position-mobile-top icon-vertical-align-mobile-center icon-vertical-align-center elementor-widget__width-auto content-align-left icon-box-vertical-align-top icon-position-left elementor-widget elementor-widget-the7_icon_box_widget\" data-id=\"2aba2c21\" data-element_type=\"widget\" data-widget_type=\"the7_icon_box_widget.default\">\n\t\t\t\t<div class=\"elementor-widget-container\">\n\t\t\t\n\t\t<div class=\"the7-box-wrapper the7-elementor-widget the7_icon_box_widget-2aba2c21\">\t\t\t<div class=\"box-content-wrapper\">\n\t\t\t\t\t\t\t\t\t<a class=\"elementor-icon-div\" >\t\t\t\t\t\t<div class=\"elementor-icon\">\n\t\t\t\t\t\t\t<svg aria-hidden=\"true\" class=\"e-font-icon-svg e-fas-phone-alt\" viewBox=\"0 0 512 512\" xmlns=\"http:\/\/www.w3.org\/2000\/svg\"><path d=\"M497.39 361.8l-112-48a24 24 0 0 0-28 6.9l-49.6 60.6A370.66 370.66 0 0 1 130.6 204.11l60.6-49.6a23.94 23.94 0 0 0 6.9-28l-48-112A24.16 24.16 0 0 0 122.6.61l-104 24A24 24 0 0 0 0 48c0 256.5 207.9 464 464 464a24 24 0 0 0 23.4-18.6l24-104a24.29 24.29 0 0 0-14.01-27.6z\"><\/path><\/svg>\t\t\t\t\t\t<\/div>\n\t\t\t\t\t<\/a>\t\t\t\t\t\t\t\t<div class=\"box-content\">\n\t\t\t\t\t\t\t\t\t\t\t\t\t\t\t\t\t<h4 class=\"box-heading\">\n\t\t\t\t\t\t\t<a >\t\t\t\t\t\t\t\t22 345 66 01\t\t\t\t\t\t\t<\/a>\t\t\t\t\t\t<\/h4>\n\t\t\t\t\t\t\t\t\t\t\n\t\t\t\t\t\n\t\t\t\t<\/div>\n\t\t\t<\/div>\n\t\t<\/div>\t\t\t<\/div>\n\t\t\t\t<\/div>\n\t\t\t\t<div class=\"elementor-element elementor-element-659fa66b elementor-widget elementor-widget-spacer\" data-id=\"659fa66b\" data-element_type=\"widget\" data-widget_type=\"spacer.default\">\n\t\t\t\t<div class=\"elementor-widget-container\">\n\t\t\t\t\t<div class=\"elementor-spacer\">\n\t\t\t<div class=\"elementor-spacer-inner\"><\/div>\n\t\t<\/div>\n\t\t\t\t<\/div>\n\t\t\t\t<\/div>\n\t\t\t\t<div class=\"elementor-element elementor-element-5d36c62f elementor-widget__width-auto elementor-mobile-align-justify elementor-widget-mobile__width-inherit elementor-widget elementor-widget-the7_button_widget\" data-id=\"5d36c62f\" data-element_type=\"widget\" data-widget_type=\"the7_button_widget.default\">\n\t\t\t\t<div class=\"elementor-widget-container\">\n\t\t\t<div class=\"elementor-button-wrapper\"><a href=\"https:\/\/rapidus.com.pl\/index.php\/kontakt\/\" class=\"box-button elementor-button elementor-size-lg\">Inne formy kontaktu<svg aria-hidden=\"true\" class=\"elementor-button-icon e-font-icon-svg e-fas-comment-dollar\" viewBox=\"0 0 512 512\" xmlns=\"http:\/\/www.w3.org\/2000\/svg\"><path d=\"M256 32C114.62 32 0 125.12 0 240c0 49.56 21.41 95.01 57.02 130.74C44.46 421.05 2.7 465.97 2.2 466.5A7.995 7.995 0 0 0 8 480c66.26 0 115.99-31.75 140.6-51.38C181.29 440.93 217.59 448 256 448c141.38 0 256-93.12 256-208S397.38 32 256 32zm24 302.44V352c0 8.84-7.16 16-16 16h-16c-8.84 0-16-7.16-16-16v-17.73c-11.42-1.35-22.28-5.19-31.78-11.46-6.22-4.11-6.82-13.11-1.55-18.38l17.52-17.52c3.74-3.74 9.31-4.24 14.11-2.03 3.18 1.46 6.66 2.22 10.26 2.22h32.78c4.66 0 8.44-3.78 8.44-8.42 0-3.75-2.52-7.08-6.12-8.11l-50.07-14.3c-22.25-6.35-40.01-24.71-42.91-47.67-4.05-32.07 19.03-59.43 49.32-63.05V128c0-8.84 7.16-16 16-16h16c8.84 0 16 7.16 16 16v17.73c11.42 1.35 22.28 5.19 31.78 11.46 6.22 4.11 6.82 13.11 1.55 18.38l-17.52 17.52c-3.74 3.74-9.31 4.24-14.11 2.03a24.516 24.516 0 0 0-10.26-2.22h-32.78c-4.66 0-8.44 3.78-8.44 8.42 0 3.75 2.52 7.08 6.12 8.11l50.07 14.3c22.25 6.36 40.01 24.71 42.91 47.67 4.05 32.06-19.03 59.42-49.32 63.04z\"><\/path><\/svg><\/a><\/div>\t\t<\/div>\n\t\t\t\t<\/div>\n\t\t\t\t\t<\/div>\n\t\t<\/div>\n\t\t\t\t\t<\/div>\n\t\t<\/section>\n\t\t\t\t\t<\/div>\n\t\t<\/div>\n\t\t\t\t<div class=\"elementor-column elementor-col-50 elementor-top-column elementor-element elementor-element-9a402de elementor-hidden-tablet elementor-hidden-mobile\" data-id=\"9a402de\" data-element_type=\"column\" data-settings=\"{&quot;background_background&quot;:&quot;classic&quot;}\">\n\t\t\t<div class=\"elementor-widget-wrap elementor-element-populated\">\n\t\t\t\t\t<div class=\"elementor-background-overlay\"><\/div>\n\t\t\t\t\t\t<div class=\"elementor-element elementor-element-250a7c30 elementor-widget elementor-widget-spacer\" data-id=\"250a7c30\" data-element_type=\"widget\" data-widget_type=\"spacer.default\">\n\t\t\t\t<div class=\"elementor-widget-container\">\n\t\t\t\t\t<div class=\"elementor-spacer\">\n\t\t\t<div class=\"elementor-spacer-inner\"><\/div>\n\t\t<\/div>\n\t\t\t\t<\/div>\n\t\t\t\t<\/div>\n\t\t\t\t\t<\/div>\n\t\t<\/div>\n\t\t\t\t\t<\/div>\n\t\t<\/section>\n\t\t\t\t<\/div>\n\t\t","protected":false},"excerpt":{"rendered":"<p>Poznaj firm\u0119 Rapidus sp. z o.o. Firma Rapidus to wszechstronny partner oferuj\u0105cy kompleksowe us\u0142ugi w obszarach intralogistyki, obs\u0142ugi proces\u00f3w produkcji, us\u0142ug introligatorskich oraz us\u0142ug poligraficznych. Zajmujemy si\u0119 optymalizacj\u0105 transportu wewn\u0119trznego, efektywn\u0105 obs\u0142ug\u0105 proces\u00f3w produkcyjnych, \u015bwiadczeniem us\u0142ug introligatorskich, a tak\u017ce kompleksowym drukiem offsetowym i cyfrowym. Nasze do\u015bwiadczenie i zaanga\u017cowanie pozwala nam dostosowa\u0107 si\u0119 do indywidualnych potrzeb&hellip;<\/p>\n","protected":false},"author":1,"featured_media":5766,"parent":0,"menu_order":30,"comment_status":"closed","ping_status":"closed","template":"","meta":{"footnotes":""},"class_list":["post-4042","page","type-page","status-publish","has-post-thumbnail","hentry"],"_links":{"self":[{"href":"https:\/\/rapidus.com.pl\/index.php\/wp-json\/wp\/v2\/pages\/4042","targetHints":{"allow":["GET"]}}],"collection":[{"href":"https:\/\/rapidus.com.pl\/index.php\/wp-json\/wp\/v2\/pages"}],"about":[{"href":"https:\/\/rapidus.com.pl\/index.php\/wp-json\/wp\/v2\/types\/page"}],"author":[{"embeddable":true,"href":"https:\/\/rapidus.com.pl\/index.php\/wp-json\/wp\/v2\/users\/1"}],"replies":[{"embeddable":true,"href":"https:\/\/rapidus.com.pl\/index.php\/wp-json\/wp\/v2\/comments?post=4042"}],"version-history":[{"count":25,"href":"https:\/\/rapidus.com.pl\/index.php\/wp-json\/wp\/v2\/pages\/4042\/revisions"}],"predecessor-version":[{"id":6341,"href":"https:\/\/rapidus.com.pl\/index.php\/wp-json\/wp\/v2\/pages\/4042\/revisions\/6341"}],"wp:featuredmedia":[{"embeddable":true,"href":"https:\/\/rapidus.com.pl\/index.php\/wp-json\/wp\/v2\/media\/5766"}],"wp:attachment":[{"href":"https:\/\/rapidus.com.pl\/index.php\/wp-json\/wp\/v2\/media?parent=4042"}],"curies":[{"name":"wp","href":"https:\/\/api.w.org\/{rel}","templated":true}]}}